{"id":43,"date":"2020-05-09T17:10:02","date_gmt":"2020-05-09T21:10:02","guid":{"rendered":"http:\/\/contactob1.randolfrias.com\/?page_id=43"},"modified":"2020-10-20T15:06:14","modified_gmt":"2020-10-20T19:06:14","slug":"nuestra-gente","status":"publish","type":"page","link":"https:\/\/grupobocel.com\/en\/nuestra-gente","title":{"rendered":"OUR PEOPLE"},"content":{"rendered":"<div data-elementor-type=\"wp-page\" data-elementor-id=\"43\" class=\"elementor elementor-43\">\n\t\t\t\t\t\t<section class=\"elementor-section elementor-top-section elementor-element elementor-element-2070540 elementor-section-boxed elementor-section-height-default elementor-section-height-default\" data-id=\"2070540\" data-element_type=\"section\" data-e-type=\"section\" data-settings=\"{&quot;background_background&quot;:&quot;classic&quot;}\">\n\t\t\t\t\t\t<div class=\"elementor-container elementor-column-gap-default\">\n\t\t\t\t\t<div class=\"elementor-column elementor-col-100 elementor-top-column elementor-element elementor-element-4cc9761\" data-id=\"4cc9761\" data-element_type=\"column\" data-e-type=\"column\">\n\t\t\t<div class=\"elementor-widget-wrap elementor-element-populated\">\n\t\t\t\t\t\t<section class=\"elementor-section elementor-inner-section elementor-element elementor-element-68129f5 elementor-section-boxed elementor-section-height-default elementor-section-height-default\" data-id=\"68129f5\" data-element_type=\"section\" data-e-type=\"section\">\n\t\t\t\t\t\t<div class=\"elementor-container elementor-column-gap-default\">\n\t\t\t\t\t<div class=\"elementor-column elementor-col-50 elementor-inner-column elementor-element elementor-element-22c6890\" data-id=\"22c6890\" data-element_type=\"column\" data-e-type=\"column\">\n\t\t\t<div class=\"elementor-widget-wrap\">\n\t\t\t\t\t\t\t<\/div>\n\t\t<\/div>\n\t\t\t\t<div class=\"elementor-column elementor-col-50 elementor-inner-column elementor-element elementor-element-eb2b774\" data-id=\"eb2b774\" data-element_type=\"column\" data-e-type=\"column\">\n\t\t\t<div class=\"elementor-widget-wrap elementor-element-populated\">\n\t\t\t\t\t\t<div class=\"elementor-element elementor-element-fe3c956 elementor-widget elementor-widget-heading\" data-id=\"fe3c956\" data-element_type=\"widget\" data-e-type=\"widget\" data-widget_type=\"heading.default\">\n\t\t\t\t<div class=\"elementor-widget-container\">\n\t\t\t\t\t<h2 class=\"elementor-heading-title elementor-size-default\">OUR  TEAMMATES<\/h2>\t\t\t\t<\/div>\n\t\t\t\t<\/div>\n\t\t\t\t<div class=\"elementor-element elementor-element-1d0d32a elementor-widget elementor-widget-heading\" data-id=\"1d0d32a\" data-element_type=\"widget\" data-e-type=\"widget\" data-widget_type=\"heading.default\">\n\t\t\t\t<div class=\"elementor-widget-container\">\n\t\t\t\t\t<h5 class=\"elementor-heading-title elementor-size-default\">THEY ARE VERY IMPORTANT TO US. <\/h5>\t\t\t\t<\/div>\n\t\t\t\t<\/div>\n\t\t\t\t<div class=\"elementor-element elementor-element-1ca45ff elementor-widget elementor-widget-text-editor\" data-id=\"1ca45ff\" data-element_type=\"widget\" data-e-type=\"widget\" data-widget_type=\"text-editor.default\">\n\t\t\t\t<div class=\"elementor-widget-container\">\n\t\t\t\t\t\t\t\t\t<p>Thanks to their effort and dedication, millions of Dominicans and people all over the world can enjoy our products day to day.<\/p><p>At Grupo Bocel we are a big family and we make the well-being of our people and their families our priority, with benefits to guarantee their physical and emotional stability.<\/p><p>That is why in our company you will find job opportunities to build a lasting and meaningful career.<\/p>\t\t\t\t\t\t\t\t<\/div>\n\t\t\t\t<\/div>\n\t\t\t\t\t<\/div>\n\t\t<\/div>\n\t\t\t\t\t<\/div>\n\t\t<\/section>\n\t\t\t\t\t<\/div>\n\t\t<\/div>\n\t\t\t\t\t<\/div>\n\t\t<\/section>\n\t\t\t\t<\/div>","protected":false},"excerpt":{"rendered":"<p>NUESTROS COLABORADORES Son muy importantes para nosotros. Gracias a su esfuerzo y dedicaci\u00f3n millones de dominicanos pueden disfrutar de nuestros productos d\u00eda a d\u00eda. En Grupo Bocel somos una gran familia y hacemos una prioridad el bienestar de nuestra gente y sus familiares con beneficios que garanticen su estabilidad f\u00edsica y emocional. Es por esto [&hellip;]<\/p>","protected":false},"author":3,"featured_media":0,"parent":0,"menu_order":0,"comment_status":"closed","ping_status":"closed","template":"archive-vacante.php","meta":{"footnotes":"","_wpscppro_custom_social_share_image":0,"_facebook_share_type":"","_twitter_share_type":"","_linkedin_share_type":"","_pinterest_share_type":"","_linkedin_share_type_page":"","_instagram_share_type":"","_medium_share_type":"","_threads_share_type":"","_selected_social_profile":[]},"class_list":["post-43","page","type-page","status-publish","hentry"],"_links":{"self":[{"href":"https:\/\/grupobocel.com\/en\/wp-json\/wp\/v2\/pages\/43","targetHints":{"allow":["GET"]}}],"collection":[{"href":"https:\/\/grupobocel.com\/en\/wp-json\/wp\/v2\/pages"}],"about":[{"href":"https:\/\/grupobocel.com\/en\/wp-json\/wp\/v2\/types\/page"}],"author":[{"embeddable":true,"href":"https:\/\/grupobocel.com\/en\/wp-json\/wp\/v2\/users\/3"}],"replies":[{"embeddable":true,"href":"https:\/\/grupobocel.com\/en\/wp-json\/wp\/v2\/comments?post=43"}],"version-history":[{"count":52,"href":"https:\/\/grupobocel.com\/en\/wp-json\/wp\/v2\/pages\/43\/revisions"}],"predecessor-version":[{"id":1986,"href":"https:\/\/grupobocel.com\/en\/wp-json\/wp\/v2\/pages\/43\/revisions\/1986"}],"wp:attachment":[{"href":"https:\/\/grupobocel.com\/en\/wp-json\/wp\/v2\/media?parent=43"}],"curies":[{"name":"wp","href":"https:\/\/api.w.org\/{rel}","templated":true}]}}